{"id":67,"date":"2023-06-19T11:11:03","date_gmt":"2023-06-19T09:11:03","guid":{"rendered":"https:\/\/hotelimperialparis.com\/?page_id=67"},"modified":"2024-01-09T10:29:29","modified_gmt":"2024-01-09T09:29:29","slug":"tourism","status":"publish","type":"page","link":"https:\/\/www.hotelimperialparis.com\/en\/tourisme\/","title":{"rendered":"Tourism"},"content":{"rendered":"\t\t<div data-elementor-type=\"wp-page\" data-elementor-id=\"67\" class=\"elementor elementor-67\" data-elementor-post-type=\"page\">\n\t\t\t\t<div class=\"elementor-element elementor-element-6b8ae5e e-con-full full-tourisme e-flex e-con e-parent\" data-id=\"6b8ae5e\" data-element_type=\"container\" data-e-type=\"container\" data-settings=\"{&quot;background_background&quot;:&quot;classic&quot;}\">\n\t\t\t\t<div class=\"elementor-element elementor-element-a33e00c elementor-widget elementor-widget-heading\" data-id=\"a33e00c\" data-element_type=\"widget\" data-e-type=\"widget\" data-settings=\"{&quot;sticky&quot;:&quot;bottom&quot;,&quot;sticky_offset&quot;:40,&quot;sticky_on&quot;:[&quot;desktop&quot;,&quot;tablet&quot;,&quot;mobile&quot;],&quot;sticky_effects_offset&quot;:0,&quot;sticky_anchor_link_offset&quot;:0}\" data-widget_type=\"heading.default\">\n\t\t\t\t<div class=\"elementor-widget-container\">\n\t\t\t\t\t<h1 class=\"elementor-heading-title elementor-size-default\">Tourisme<\/h1>\t\t\t\t<\/div>\n\t\t\t\t<\/div>\n\t\t<div class=\"elementor-element elementor-element-cca7d4f e-con-full elementor-hidden-tablet elementor-hidden-mobile e-flex e-con e-child\" data-id=\"cca7d4f\" data-element_type=\"container\" data-e-type=\"container\">\n\t\t<div class=\"elementor-element elementor-element-351daa0 e-con-full animated-slow e-flex elementor-invisible e-con e-child\" data-id=\"351daa0\" data-element_type=\"container\" data-e-type=\"container\" data-settings=\"{&quot;background_background&quot;:&quot;classic&quot;,&quot;animation_delay&quot;:0,&quot;animation&quot;:&quot;fadeInLeft&quot;}\">\n\t\t\t\t<div class=\"elementor-element elementor-element-052a499 elementor-widget elementor-widget-heading\" data-id=\"052a499\" data-element_type=\"widget\" data-e-type=\"widget\" data-widget_type=\"heading.default\">\n\t\t\t\t<div class=\"elementor-widget-container\">\n\t\t\t\t\t<h2 class=\"elementor-heading-title elementor-size-default\">Visiter Paris<\/h2>\t\t\t\t<\/div>\n\t\t\t\t<\/div>\n\t\t\t\t<div class=\"elementor-element elementor-element-7050868 elementor-widget elementor-widget-text-editor\" data-id=\"7050868\" data-element_type=\"widget\" data-e-type=\"widget\" data-widget_type=\"text-editor.default\">\n\t\t\t\t<div class=\"elementor-widget-container\">\n\t\t\t\t\t\t\t\t\t<p>Les merveilles de l\u2019Op\u00e9ra et de Paris sont \u00e0 vos pieds depuis notre h\u00f4tel de Paris 9\u00e8me<\/p>\t\t\t\t\t\t\t\t<\/div>\n\t\t\t\t<\/div>\n\t\t\t\t<div class=\"elementor-element elementor-element-48a6267 elementor-widget elementor-widget-text-editor\" data-id=\"48a6267\" data-element_type=\"widget\" data-e-type=\"widget\" data-widget_type=\"text-editor.default\">\n\t\t\t\t<div class=\"elementor-widget-container\">\n\t\t\t\t\t\t\t\t\t<p>L&rsquo;H\u00f4tel Imp\u00e9rial se situe non loin de l&rsquo;\u00e9glise Notre Dame de Lorette, en plein c\u0153ur de Paris. Dans ce quartier un peu en retrait de l&rsquo;agitation du centre-ville, l&rsquo;\u00e9glise Notre Dame de Lorette est incontournable, avec sa silhouette aux colonnes romaines. Non loin de l\u00e0, la rue des Martyrs symbolise la vie de quartier telle qu&rsquo;on la retrouve dans de nombreux endroits de Paris, avec ses petits commerces et ses caf\u00e9s branch\u00e9s. L&rsquo;ambiance l\u00e9g\u00e8re du quartier est bienvenue en d\u00e9but ou en fin de journ\u00e9e, pour se ressourcer apr\u00e8s de tr\u00e9pidantes visites.<\/p>\t\t\t\t\t\t\t\t<\/div>\n\t\t\t\t<\/div>\n\t\t\t\t<\/div>\n\t\t<div class=\"elementor-element elementor-element-bf0e851 e-con-full animated-slow e-flex elementor-invisible e-con e-child\" data-id=\"bf0e851\" data-element_type=\"container\" data-e-type=\"container\" data-settings=\"{&quot;background_background&quot;:&quot;classic&quot;,&quot;animation_delay&quot;:1000,&quot;animation&quot;:&quot;fadeIn&quot;}\">\n\t\t\t\t<\/div>\n\t\t\t\t<\/div>\n\t\t\t\t<\/div>\n\t\t<div class=\"elementor-element elementor-element-d441fd6 elementor-hidden-desktop e-flex e-con-boxed e-con e-parent\" data-id=\"d441fd6\" data-element_type=\"container\" data-e-type=\"container\" data-settings=\"{&quot;background_background&quot;:&quot;classic&quot;}\">\n\t\t\t\t\t<div class=\"e-con-inner\">\n\t\t\t\t<div class=\"elementor-element elementor-element-a0e4310 elementor-widget elementor-widget-heading\" data-id=\"a0e4310\" data-element_type=\"widget\" data-e-type=\"widget\" data-widget_type=\"heading.default\">\n\t\t\t\t<div class=\"elementor-widget-container\">\n\t\t\t\t\t<h2 class=\"elementor-heading-title elementor-size-default\">Visiter Paris<\/h2>\t\t\t\t<\/div>\n\t\t\t\t<\/div>\n\t\t\t\t<div class=\"elementor-element elementor-element-b31d92d elementor-widget elementor-widget-text-editor\" data-id=\"b31d92d\" data-element_type=\"widget\" data-e-type=\"widget\" data-widget_type=\"text-editor.default\">\n\t\t\t\t<div class=\"elementor-widget-container\">\n\t\t\t\t\t\t\t\t\t<p>Les merveilles de l\u2019Op\u00e9ra et de Paris sont \u00e0 vos pieds depuis notre h\u00f4tel de Paris 9\u00e8me<\/p>\t\t\t\t\t\t\t\t<\/div>\n\t\t\t\t<\/div>\n\t\t\t\t<div class=\"elementor-element elementor-element-23f1246 elementor-widget elementor-widget-text-editor\" data-id=\"23f1246\" data-element_type=\"widget\" data-e-type=\"widget\" data-widget_type=\"text-editor.default\">\n\t\t\t\t<div class=\"elementor-widget-container\">\n\t\t\t\t\t\t\t\t\t<p>L&rsquo;H\u00f4tel Imp\u00e9rial se situe non loin de l&rsquo;\u00e9glise Notre Dame de Lorette, en plein c\u0153ur de Paris. Dans ce quartier un peu en retrait de l&rsquo;agitation du centre-ville, l&rsquo;\u00e9glise Notre Dame de Lorette est incontournable, avec sa silhouette aux colonnes romaines. Non loin de l\u00e0, la rue des Martyrs symbolise la vie de quartier telle qu&rsquo;on la retrouve dans de nombreux endroits de Paris, avec ses petits commerces et ses caf\u00e9s branch\u00e9s. L&rsquo;ambiance l\u00e9g\u00e8re du quartier est bienvenue en d\u00e9but ou en fin de journ\u00e9e, pour se ressourcer apr\u00e8s de tr\u00e9pidantes visites.<\/p>\t\t\t\t\t\t\t\t<\/div>\n\t\t\t\t<\/div>\n\t\t\t\t\t<\/div>\n\t\t\t\t<\/div>\n\t\t<div class=\"elementor-element elementor-element-fe5f7aa e-flex e-con-boxed e-con e-parent\" data-id=\"fe5f7aa\" data-element_type=\"container\" data-e-type=\"container\">\n\t\t\t\t\t<div class=\"e-con-inner\">\n\t\t<div class=\"elementor-element elementor-element-ff72848 e-con-full e-flex e-con e-child\" data-id=\"ff72848\" data-element_type=\"container\" data-e-type=\"container\">\n\t\t\t\t<div class=\"elementor-element elementor-element-98677a6 elementor-widget elementor-widget-image\" data-id=\"98677a6\" data-element_type=\"widget\" data-e-type=\"widget\" data-widget_type=\"image.default\">\n\t\t\t\t<div class=\"elementor-widget-container\">\n\t\t\t\t\t\t\t\t\t\t\t\t\t\t\t<img fetchpriority=\"high\" decoding=\"async\" width=\"1254\" height=\"836\" src=\"https:\/\/www.hotelimperialparis.com\/wp-content\/uploads\/2023\/11\/iStock-487474626.jpg\" class=\"attachment-full size-full wp-image-3147\" alt=\"\" srcset=\"https:\/\/www.hotelimperialparis.com\/wp-content\/uploads\/2023\/11\/iStock-487474626.jpg 1254w, https:\/\/www.hotelimperialparis.com\/wp-content\/uploads\/2023\/11\/iStock-487474626-300x200.jpg 300w, https:\/\/www.hotelimperialparis.com\/wp-content\/uploads\/2023\/11\/iStock-487474626-1024x683.jpg 1024w, https:\/\/www.hotelimperialparis.com\/wp-content\/uploads\/2023\/11\/iStock-487474626-768x512.jpg 768w, https:\/\/www.hotelimperialparis.com\/wp-content\/uploads\/2023\/11\/iStock-487474626-18x12.jpg 18w\" sizes=\"(max-width: 1254px) 100vw, 1254px\" title=\"\">\t\t\t\t\t\t\t\t\t\t\t\t\t\t\t<\/div>\n\t\t\t\t<\/div>\n\t\t<div class=\"elementor-element elementor-element-70d3196 e-con-full e-flex e-con e-child\" data-id=\"70d3196\" data-element_type=\"container\" data-e-type=\"container\" data-settings=\"{&quot;background_background&quot;:&quot;classic&quot;}\">\n\t\t\t\t<div class=\"elementor-element elementor-element-4a02c68 elementor-widget elementor-widget-heading\" data-id=\"4a02c68\" data-element_type=\"widget\" data-e-type=\"widget\" data-widget_type=\"heading.default\">\n\t\t\t\t<div class=\"elementor-widget-container\">\n\t\t\t\t\t<h3 class=\"elementor-heading-title elementor-size-default\">Op\u00e9ra Garnier<\/h3>\t\t\t\t<\/div>\n\t\t\t\t<\/div>\n\t\t\t\t<div class=\"elementor-element elementor-element-0030127 elementor-widget elementor-widget-text-editor\" data-id=\"0030127\" data-element_type=\"widget\" data-e-type=\"widget\" data-widget_type=\"text-editor.default\">\n\t\t\t\t<div class=\"elementor-widget-container\">\n\t\t\t\t\t\t\t\t\t<p>D\u00e9couvrez la magnificence du Palais Garnier.<\/p>\t\t\t\t\t\t\t\t<\/div>\n\t\t\t\t<\/div>\n\t\t<div class=\"elementor-element elementor-element-bd68432 fade-button e-flex e-con-boxed e-con e-child\" data-id=\"bd68432\" data-element_type=\"container\" data-e-type=\"container\">\n\t\t\t\t\t<div class=\"e-con-inner\">\n\t\t\t\t<div class=\"elementor-element elementor-element-f67d5cc elementor-align-justify elementor-widget elementor-widget-button\" data-id=\"f67d5cc\" data-element_type=\"widget\" data-e-type=\"widget\" data-widget_type=\"button.default\">\n\t\t\t\t<div class=\"elementor-widget-container\">\n\t\t\t\t\t\t\t\t\t<div class=\"elementor-button-wrapper\">\n\t\t\t\t\t<a class=\"elementor-button elementor-button-link elementor-size-sm\" href=\"https:\/\/www.hotelimperialparis.com\/en\/tourisme\/opera-garnier\/\">\n\t\t\t\t\t\t<span class=\"elementor-button-content-wrapper\">\n\t\t\t\t\t\t\t\t\t<span class=\"elementor-button-text\">D\u00e9couvrir<\/span>\n\t\t\t\t\t<\/span>\n\t\t\t\t\t<\/a>\n\t\t\t\t<\/div>\n\t\t\t\t\t\t\t\t<\/div>\n\t\t\t\t<\/div>\n\t\t\t\t\t<\/div>\n\t\t\t\t<\/div>\n\t\t\t\t<\/div>\n\t\t\t\t<\/div>\n\t\t<div class=\"elementor-element elementor-element-c644d54 e-con-full e-flex e-con e-child\" data-id=\"c644d54\" data-element_type=\"container\" data-e-type=\"container\">\n\t\t\t\t<div class=\"elementor-element elementor-element-5e60b12 elementor-widget elementor-widget-image\" data-id=\"5e60b12\" data-element_type=\"widget\" data-e-type=\"widget\" data-widget_type=\"image.default\">\n\t\t\t\t<div class=\"elementor-widget-container\">\n\t\t\t\t\t\t\t\t\t\t\t\t\t\t\t<img decoding=\"async\" width=\"1254\" height=\"836\" src=\"https:\/\/www.hotelimperialparis.com\/wp-content\/uploads\/2023\/11\/iStock-1290168728.jpg\" class=\"attachment-full size-full wp-image-3264\" alt=\"\" srcset=\"https:\/\/www.hotelimperialparis.com\/wp-content\/uploads\/2023\/11\/iStock-1290168728.jpg 1254w, https:\/\/www.hotelimperialparis.com\/wp-content\/uploads\/2023\/11\/iStock-1290168728-300x200.jpg 300w, https:\/\/www.hotelimperialparis.com\/wp-content\/uploads\/2023\/11\/iStock-1290168728-1024x683.jpg 1024w, https:\/\/www.hotelimperialparis.com\/wp-content\/uploads\/2023\/11\/iStock-1290168728-768x512.jpg 768w, https:\/\/www.hotelimperialparis.com\/wp-content\/uploads\/2023\/11\/iStock-1290168728-18x12.jpg 18w\" sizes=\"(max-width: 1254px) 100vw, 1254px\" title=\"\">\t\t\t\t\t\t\t\t\t\t\t\t\t\t\t<\/div>\n\t\t\t\t<\/div>\n\t\t<div class=\"elementor-element elementor-element-15e9791 e-con-full e-flex e-con e-child\" data-id=\"15e9791\" data-element_type=\"container\" data-e-type=\"container\" data-settings=\"{&quot;background_background&quot;:&quot;classic&quot;}\">\n\t\t\t\t<div class=\"elementor-element elementor-element-451a781 elementor-widget elementor-widget-heading\" data-id=\"451a781\" data-element_type=\"widget\" data-e-type=\"widget\" data-widget_type=\"heading.default\">\n\t\t\t\t<div class=\"elementor-widget-container\">\n\t\t\t\t\t<h3 class=\"elementor-heading-title elementor-size-default\">Grands Magasins<\/h3>\t\t\t\t<\/div>\n\t\t\t\t<\/div>\n\t\t\t\t<div class=\"elementor-element elementor-element-e79ef96 elementor-widget elementor-widget-text-editor\" data-id=\"e79ef96\" data-element_type=\"widget\" data-e-type=\"widget\" data-widget_type=\"text-editor.default\">\n\t\t\t\t<div class=\"elementor-widget-container\">\n\t\t\t\t\t\t\t\t\t<p>Arpentez les Grands Boulevards et fl\u00e2nez devant les vitrines des Grands Magasins.<\/p>\t\t\t\t\t\t\t\t<\/div>\n\t\t\t\t<\/div>\n\t\t<div class=\"elementor-element elementor-element-703196b fade-button e-flex e-con-boxed e-con e-child\" data-id=\"703196b\" data-element_type=\"container\" data-e-type=\"container\">\n\t\t\t\t\t<div class=\"e-con-inner\">\n\t\t\t\t<div class=\"elementor-element elementor-element-6191ebb elementor-align-justify elementor-widget elementor-widget-button\" data-id=\"6191ebb\" data-element_type=\"widget\" data-e-type=\"widget\" data-widget_type=\"button.default\">\n\t\t\t\t<div class=\"elementor-widget-container\">\n\t\t\t\t\t\t\t\t\t<div class=\"elementor-button-wrapper\">\n\t\t\t\t\t<a class=\"elementor-button elementor-button-link elementor-size-sm\" href=\"https:\/\/www.hotelimperialparis.com\/en\/tourisme\/grands-magasins\/\">\n\t\t\t\t\t\t<span class=\"elementor-button-content-wrapper\">\n\t\t\t\t\t\t\t\t\t<span class=\"elementor-button-text\">D\u00e9couvrir<\/span>\n\t\t\t\t\t<\/span>\n\t\t\t\t\t<\/a>\n\t\t\t\t<\/div>\n\t\t\t\t\t\t\t\t<\/div>\n\t\t\t\t<\/div>\n\t\t\t\t\t<\/div>\n\t\t\t\t<\/div>\n\t\t\t\t<\/div>\n\t\t\t\t<\/div>\n\t\t\t\t\t<\/div>\n\t\t\t\t<\/div>\n\t\t<div class=\"elementor-element elementor-element-79ae87c e-flex e-con-boxed e-con e-parent\" data-id=\"79ae87c\" data-element_type=\"container\" data-e-type=\"container\">\n\t\t\t\t\t<div class=\"e-con-inner\">\n\t\t<div class=\"elementor-element elementor-element-e4305bf e-con-full e-flex e-con e-child\" data-id=\"e4305bf\" data-element_type=\"container\" data-e-type=\"container\">\n\t\t\t\t<div class=\"elementor-element elementor-element-3e812b4 elementor-widget elementor-widget-image\" data-id=\"3e812b4\" data-element_type=\"widget\" data-e-type=\"widget\" data-widget_type=\"image.default\">\n\t\t\t\t<div class=\"elementor-widget-container\">\n\t\t\t\t\t\t\t\t\t\t\t\t\t\t\t<img decoding=\"async\" width=\"1292\" height=\"811\" src=\"https:\/\/www.hotelimperialparis.com\/wp-content\/uploads\/2023\/11\/iStock-475150996.jpg\" class=\"attachment-full size-full wp-image-3271\" alt=\"\" srcset=\"https:\/\/www.hotelimperialparis.com\/wp-content\/uploads\/2023\/11\/iStock-475150996.jpg 1292w, https:\/\/www.hotelimperialparis.com\/wp-content\/uploads\/2023\/11\/iStock-475150996-300x188.jpg 300w, https:\/\/www.hotelimperialparis.com\/wp-content\/uploads\/2023\/11\/iStock-475150996-1024x643.jpg 1024w, https:\/\/www.hotelimperialparis.com\/wp-content\/uploads\/2023\/11\/iStock-475150996-768x482.jpg 768w, https:\/\/www.hotelimperialparis.com\/wp-content\/uploads\/2023\/11\/iStock-475150996-18x12.jpg 18w\" sizes=\"(max-width: 1292px) 100vw, 1292px\" title=\"\">\t\t\t\t\t\t\t\t\t\t\t\t\t\t\t<\/div>\n\t\t\t\t<\/div>\n\t\t<div class=\"elementor-element elementor-element-87b618b e-con-full e-flex e-con e-child\" data-id=\"87b618b\" data-element_type=\"container\" data-e-type=\"container\" data-settings=\"{&quot;background_background&quot;:&quot;classic&quot;}\">\n\t\t\t\t<div class=\"elementor-element elementor-element-334f811 elementor-widget elementor-widget-heading\" data-id=\"334f811\" data-element_type=\"widget\" data-e-type=\"widget\" data-widget_type=\"heading.default\">\n\t\t\t\t<div class=\"elementor-widget-container\">\n\t\t\t\t\t<h3 class=\"elementor-heading-title elementor-size-default\">Principaux monuments<\/h3>\t\t\t\t<\/div>\n\t\t\t\t<\/div>\n\t\t\t\t<div class=\"elementor-element elementor-element-11e7ef4 elementor-widget elementor-widget-text-editor\" data-id=\"11e7ef4\" data-element_type=\"widget\" data-e-type=\"widget\" data-widget_type=\"text-editor.default\">\n\t\t\t\t<div class=\"elementor-widget-container\">\n\t\t\t\t\t\t\t\t\t<p>Du Mus\u00e9e du Louvre au Sacr\u00e9-C\u0153ur, tous les plus grands monuments parisiens.<\/p>\t\t\t\t\t\t\t\t<\/div>\n\t\t\t\t<\/div>\n\t\t<div class=\"elementor-element elementor-element-079a3de fade-button e-flex e-con-boxed e-con e-child\" data-id=\"079a3de\" data-element_type=\"container\" data-e-type=\"container\">\n\t\t\t\t\t<div class=\"e-con-inner\">\n\t\t\t\t<div class=\"elementor-element elementor-element-bb45d6b elementor-align-justify elementor-widget elementor-widget-button\" data-id=\"bb45d6b\" data-element_type=\"widget\" data-e-type=\"widget\" data-widget_type=\"button.default\">\n\t\t\t\t<div class=\"elementor-widget-container\">\n\t\t\t\t\t\t\t\t\t<div class=\"elementor-button-wrapper\">\n\t\t\t\t\t<a class=\"elementor-button elementor-button-link elementor-size-sm\" href=\"https:\/\/www.hotelimperialparis.com\/en\/tourisme\/principaux-monuments\/\">\n\t\t\t\t\t\t<span class=\"elementor-button-content-wrapper\">\n\t\t\t\t\t\t\t\t\t<span class=\"elementor-button-text\">D\u00e9couvrir<\/span>\n\t\t\t\t\t<\/span>\n\t\t\t\t\t<\/a>\n\t\t\t\t<\/div>\n\t\t\t\t\t\t\t\t<\/div>\n\t\t\t\t<\/div>\n\t\t\t\t\t<\/div>\n\t\t\t\t<\/div>\n\t\t\t\t<\/div>\n\t\t\t\t<\/div>\n\t\t<div class=\"elementor-element elementor-element-add0b82 e-con-full e-flex e-con e-child\" data-id=\"add0b82\" data-element_type=\"container\" data-e-type=\"container\">\n\t\t\t\t<div class=\"elementor-element elementor-element-303a5a4 elementor-widget elementor-widget-image\" data-id=\"303a5a4\" data-element_type=\"widget\" data-e-type=\"widget\" data-widget_type=\"image.default\">\n\t\t\t\t<div class=\"elementor-widget-container\">\n\t\t\t\t\t\t\t\t\t\t\t\t\t\t\t<img loading=\"lazy\" decoding=\"async\" width=\"1254\" height=\"836\" src=\"https:\/\/www.hotelimperialparis.com\/wp-content\/uploads\/2023\/11\/iStock-1183799801.jpg\" class=\"attachment-full size-full wp-image-3296\" alt=\"\" srcset=\"https:\/\/www.hotelimperialparis.com\/wp-content\/uploads\/2023\/11\/iStock-1183799801.jpg 1254w, https:\/\/www.hotelimperialparis.com\/wp-content\/uploads\/2023\/11\/iStock-1183799801-300x200.jpg 300w, https:\/\/www.hotelimperialparis.com\/wp-content\/uploads\/2023\/11\/iStock-1183799801-1024x683.jpg 1024w, https:\/\/www.hotelimperialparis.com\/wp-content\/uploads\/2023\/11\/iStock-1183799801-768x512.jpg 768w, https:\/\/www.hotelimperialparis.com\/wp-content\/uploads\/2023\/11\/iStock-1183799801-18x12.jpg 18w\" sizes=\"(max-width: 1254px) 100vw, 1254px\" title=\"\">\t\t\t\t\t\t\t\t\t\t\t\t\t\t\t<\/div>\n\t\t\t\t<\/div>\n\t\t<div class=\"elementor-element elementor-element-f294f0d e-con-full e-flex e-con e-child\" data-id=\"f294f0d\" data-element_type=\"container\" data-e-type=\"container\" data-settings=\"{&quot;background_background&quot;:&quot;classic&quot;}\">\n\t\t\t\t<div class=\"elementor-element elementor-element-c3dac80 elementor-widget elementor-widget-heading\" data-id=\"c3dac80\" data-element_type=\"widget\" data-e-type=\"widget\" data-widget_type=\"heading.default\">\n\t\t\t\t<div class=\"elementor-widget-container\">\n\t\t\t\t\t<h3 class=\"elementor-heading-title elementor-size-default\">Balades dans le 9\u00e8me<\/h3>\t\t\t\t<\/div>\n\t\t\t\t<\/div>\n\t\t\t\t<div class=\"elementor-element elementor-element-fbf2857 elementor-widget elementor-widget-text-editor\" data-id=\"fbf2857\" data-element_type=\"widget\" data-e-type=\"widget\" data-widget_type=\"text-editor.default\">\n\t\t\t\t<div class=\"elementor-widget-container\">\n\t\t\t\t\t\t\t\t\t<p>D\u00e9couvrez le charme du 9\u00e8me arrondissement.<\/p>\t\t\t\t\t\t\t\t<\/div>\n\t\t\t\t<\/div>\n\t\t<div class=\"elementor-element elementor-element-30cac6c fade-button e-flex e-con-boxed e-con e-child\" data-id=\"30cac6c\" data-element_type=\"container\" data-e-type=\"container\">\n\t\t\t\t\t<div class=\"e-con-inner\">\n\t\t\t\t<div class=\"elementor-element elementor-element-c4fed4b elementor-align-justify elementor-widget elementor-widget-button\" data-id=\"c4fed4b\" data-element_type=\"widget\" data-e-type=\"widget\" data-widget_type=\"button.default\">\n\t\t\t\t<div class=\"elementor-widget-container\">\n\t\t\t\t\t\t\t\t\t<div class=\"elementor-button-wrapper\">\n\t\t\t\t\t<a class=\"elementor-button elementor-button-link elementor-size-sm\" href=\"https:\/\/www.hotelimperialparis.com\/en\/tourisme\/balades-9-arrondissement\/\">\n\t\t\t\t\t\t<span class=\"elementor-button-content-wrapper\">\n\t\t\t\t\t\t\t\t\t<span class=\"elementor-button-text\">D\u00e9couvrir<\/span>\n\t\t\t\t\t<\/span>\n\t\t\t\t\t<\/a>\n\t\t\t\t<\/div>\n\t\t\t\t\t\t\t\t<\/div>\n\t\t\t\t<\/div>\n\t\t\t\t\t<\/div>\n\t\t\t\t<\/div>\n\t\t\t\t<\/div>\n\t\t\t\t<\/div>\n\t\t\t\t\t<\/div>\n\t\t\t\t<\/div>\n\t\t\t\t<\/div>\n\t\t","protected":false},"excerpt":{"rendered":"<p>Tourisme Visiter Paris Les merveilles de l\u2019Op\u00e9ra et de Paris sont \u00e0 vos pieds depuis notre h\u00f4tel de Paris 9\u00e8me L&rsquo;H\u00f4tel Imp\u00e9rial se situe non loin de l&rsquo;\u00e9glise Notre Dame de Lorette, en plein c\u0153ur de Paris. Dans ce quartier un peu en retrait de l&rsquo;agitation du centre-ville, l&rsquo;\u00e9glise Notre Dame de Lorette est incontournable, [&hellip;]<\/p>\n","protected":false},"author":7,"featured_media":0,"parent":0,"menu_order":0,"comment_status":"closed","ping_status":"closed","template":"","meta":{"inline_featured_image":false,"footnotes":""},"class_list":["post-67","page","type-page","status-publish","hentry"],"_links":{"self":[{"href":"https:\/\/www.hotelimperialparis.com\/en\/wp-json\/wp\/v2\/pages\/67","targetHints":{"allow":["GET"]}}],"collection":[{"href":"https:\/\/www.hotelimperialparis.com\/en\/wp-json\/wp\/v2\/pages"}],"about":[{"href":"https:\/\/www.hotelimperialparis.com\/en\/wp-json\/wp\/v2\/types\/page"}],"author":[{"embeddable":true,"href":"https:\/\/www.hotelimperialparis.com\/en\/wp-json\/wp\/v2\/users\/7"}],"replies":[{"embeddable":true,"href":"https:\/\/www.hotelimperialparis.com\/en\/wp-json\/wp\/v2\/comments?post=67"}],"version-history":[{"count":202,"href":"https:\/\/www.hotelimperialparis.com\/en\/wp-json\/wp\/v2\/pages\/67\/revisions"}],"predecessor-version":[{"id":3413,"href":"https:\/\/www.hotelimperialparis.com\/en\/wp-json\/wp\/v2\/pages\/67\/revisions\/3413"}],"wp:attachment":[{"href":"https:\/\/www.hotelimperialparis.com\/en\/wp-json\/wp\/v2\/media?parent=67"}],"curies":[{"name":"wp","href":"https:\/\/api.w.org\/{rel}","templated":true}]}}