{"id":1498,"date":"2023-07-04T12:22:06","date_gmt":"2023-07-04T10:22:06","guid":{"rendered":"https:\/\/hotelimperialparis.com\/?page_id=1498"},"modified":"2023-12-12T16:49:30","modified_gmt":"2023-12-12T15:49:30","slug":"main-monuments","status":"publish","type":"page","link":"https:\/\/www.hotelimperialparis.com\/en\/tourisme\/principaux-monuments\/","title":{"rendered":"Main monuments"},"content":{"rendered":"<div data-elementor-type=\"wp-page\" data-elementor-id=\"1498\" class=\"elementor elementor-1498\" data-elementor-post-type=\"page\">\n\t\t\t\t<div class=\"elementor-element elementor-element-6d2c3873 e-con-full e-flex e-con e-parent\" data-id=\"6d2c3873\" data-element_type=\"container\" data-e-type=\"container\" data-settings=\"{&quot;background_background&quot;:&quot;classic&quot;}\">\n\t\t\t\t<div class=\"elementor-element elementor-element-466ad0bc elementor-widget elementor-widget-heading\" data-id=\"466ad0bc\" data-element_type=\"widget\" data-e-type=\"widget\" data-widget_type=\"heading.default\">\n\t\t\t\t<div class=\"elementor-widget-container\">\n\t\t\t\t\t<h2 class=\"elementor-heading-title elementor-size-default\">Main monuments<\/h2>\t\t\t\t<\/div>\n\t\t\t\t<\/div>\n\t\t\t\t<\/div>\n\t\t<div class=\"elementor-element elementor-element-181ca25d e-con-full e-flex e-con e-parent\" data-id=\"181ca25d\" data-element_type=\"container\" data-e-type=\"container\">\n\t\t\t\t<div class=\"elementor-element elementor-element-68f4b34d elementor-mobile-align-center elementor-widget elementor-widget-button\" data-id=\"68f4b34d\" data-element_type=\"widget\" data-e-type=\"widget\" data-widget_type=\"button.default\">\n\t\t\t\t<div class=\"elementor-widget-container\">\n\t\t\t\t\t\t\t\t\t<div class=\"elementor-button-wrapper\">\n\t\t\t\t\t<a class=\"elementor-button elementor-button-link elementor-size-sm\" href=\"https:\/\/www.hotelimperialparis.com\/en\/tourisme\/grands-magasins\/\">\n\t\t\t\t\t\t<span class=\"elementor-button-content-wrapper\">\n\t\t\t\t\t\t<span class=\"elementor-button-icon\">\n\t\t\t\t<i aria-hidden=\"true\" class=\"eliofont eliofont-arrow-left\"><\/i>\t\t\t<\/span>\n\t\t\t\t\t\t\t\t\t<span class=\"elementor-button-text\">Previous destination<\/span>\n\t\t\t\t\t<\/span>\n\t\t\t\t\t<\/a>\n\t\t\t\t<\/div>\n\t\t\t\t\t\t\t\t<\/div>\n\t\t\t\t<\/div>\n\t\t\t\t<div class=\"elementor-element elementor-element-14f51ce0 elementor-mobile-align-center elementor-widget elementor-widget-button\" data-id=\"14f51ce0\" data-element_type=\"widget\" data-e-type=\"widget\" data-widget_type=\"button.default\">\n\t\t\t\t<div class=\"elementor-widget-container\">\n\t\t\t\t\t\t\t\t\t<div class=\"elementor-button-wrapper\">\n\t\t\t\t\t<a class=\"elementor-button elementor-button-link elementor-size-sm\" href=\"https:\/\/www.hotelimperialparis.com\/en\/tourisme\/balades-9-arrondissement\/\">\n\t\t\t\t\t\t<span class=\"elementor-button-content-wrapper\">\n\t\t\t\t\t\t<span class=\"elementor-button-icon\">\n\t\t\t\t<i aria-hidden=\"true\" class=\"eliofont eliofont-arrow-right\"><\/i>\t\t\t<\/span>\n\t\t\t\t\t\t\t\t\t<span class=\"elementor-button-text\">Next destination<\/span>\n\t\t\t\t\t<\/span>\n\t\t\t\t\t<\/a>\n\t\t\t\t<\/div>\n\t\t\t\t\t\t\t\t<\/div>\n\t\t\t\t<\/div>\n\t\t\t\t<\/div>\n\t\t<div class=\"elementor-element elementor-element-106d8d7 e-con-full fade-bloc e-flex e-con e-parent\" data-id=\"106d8d7\" data-element_type=\"container\" data-e-type=\"container\" data-settings=\"{&quot;background_background&quot;:&quot;classic&quot;}\">\n\t\t<div class=\"elementor-element elementor-element-25a0fd9 e-con-full fade-content e-flex e-con e-child\" data-id=\"25a0fd9\" data-element_type=\"container\" data-e-type=\"container\" data-settings=\"{&quot;background_background&quot;:&quot;classic&quot;}\">\n\t\t<div class=\"elementor-element elementor-element-df1f01d e-flex e-con-boxed e-con e-child\" data-id=\"df1f01d\" data-element_type=\"container\" data-e-type=\"container\">\n\t\t\t\t\t<div class=\"e-con-inner\">\n\t\t\t\t<div class=\"elementor-element elementor-element-4803416 fade-title elementor-widget elementor-widget-heading\" data-id=\"4803416\" data-element_type=\"widget\" data-e-type=\"widget\" data-widget_type=\"heading.default\">\n\t\t\t\t<div class=\"elementor-widget-container\">\n\t\t\t\t\t<h2 class=\"elementor-heading-title elementor-size-default\">Discover Paris<\/h2>\t\t\t\t<\/div>\n\t\t\t\t<\/div>\n\t\t\t\t<div class=\"elementor-element elementor-element-42d8c3a fade-subtext elementor-widget elementor-widget-text-editor\" data-id=\"42d8c3a\" data-element_type=\"widget\" data-e-type=\"widget\" data-widget_type=\"text-editor.default\">\n\t\t\t\t<div class=\"elementor-widget-container\">\n\t\t\t\t\t\t\t\t\t<p>During your stay at the H\u00f4tel Imp\u00e9rial Paris Op\u00e9ra<\/p>\t\t\t\t\t\t\t\t<\/div>\n\t\t\t\t<\/div>\n\t\t\t\t<div class=\"elementor-element elementor-element-fe193be fade-text elementor-widget elementor-widget-text-editor\" data-id=\"fe193be\" data-element_type=\"widget\" data-e-type=\"widget\" data-widget_type=\"text-editor.default\">\n\t\t\t\t<div class=\"elementor-widget-container\">\n\t\t\t\t\t\t\t\t\t<p>Your hotel in Paris Op\u00e9ra is surrounded by monuments and sights typical of Paris. The nearest ones can be reached on foot from your 3-star hotel in Paris Op\u00e9ra.<br \/>These include the Madeleine church. This monumental edifice took 85 years to build. Commissioned by Napoleon to honour the French armies, it now hosts prestigious classical music concerts.<\/p>\t\t\t\t\t\t\t\t<\/div>\n\t\t\t\t<\/div>\n\t\t\t\t<div class=\"elementor-element elementor-element-ecf9664 fade-title elementor-widget elementor-widget-heading\" data-id=\"ecf9664\" data-element_type=\"widget\" data-e-type=\"widget\" data-widget_type=\"heading.default\">\n\t\t\t\t<div class=\"elementor-widget-container\">\n\t\t\t\t\t<h2 class=\"elementor-heading-title elementor-size-default\">Place Vend\u00f4me and the Louvre Museum<\/h2>\t\t\t\t<\/div>\n\t\t\t\t<\/div>\n\t\t\t\t<div class=\"elementor-element elementor-element-08d8ae2 fade-subtext elementor-widget elementor-widget-text-editor\" data-id=\"08d8ae2\" data-element_type=\"widget\" data-e-type=\"widget\" data-widget_type=\"text-editor.default\">\n\t\t\t\t<div class=\"elementor-widget-container\">\n\t\t\t\t\t\t\t\t\t<p>From our hotel in Paris Op\u00e9ra<\/p>\t\t\t\t\t\t\t\t<\/div>\n\t\t\t\t<\/div>\n\t\t\t\t<div class=\"elementor-element elementor-element-c48b3de fade-text elementor-widget elementor-widget-text-editor\" data-id=\"c48b3de\" data-element_type=\"widget\" data-e-type=\"widget\" data-widget_type=\"text-editor.default\">\n\t\t\t\t<div class=\"elementor-widget-container\">\n\t\t\t\t\t\t\t\t\t<p>Nearby Place Vend\u00f4me also boasts an elegant column in a vast square space surrounded by luxurious boutiques. This same column is made from the bronze of over 1,000 cannons seized during Napoleon's battles. This historical detail only adds to the nobility of the place, which is already an impressive place to visit during your stay in the 9th arrondissement of Paris.<br \/>A little further afield, the Mus\u00e9e du Louvre, one of the largest museums in the world, houses almost 460,000 works in a wide range of collections. A wide range of art forms are represented: painting, sculpture, pottery and tapestry. All cultures are represented at the Louvre, with Western, Egyptian, Greek, Etruscan and other works.<\/p>\t\t\t\t\t\t\t\t<\/div>\n\t\t\t\t<\/div>\n\t\t\t\t\t<\/div>\n\t\t\t\t<\/div>\n\t\t\t\t<\/div>\n\t\t<div class=\"elementor-element elementor-element-c968b2e e-con-full e-flex e-con e-child\" data-id=\"c968b2e\" data-element_type=\"container\" data-e-type=\"container\" data-settings=\"{&quot;background_background&quot;:&quot;classic&quot;}\">\n\t\t\t\t<\/div>\n\t\t\t\t<\/div>\n\t\t<div class=\"elementor-element elementor-element-5cc0712 e-con-full fade-bloc e-flex e-con e-parent\" data-id=\"5cc0712\" data-element_type=\"container\" data-e-type=\"container\">\n\t\t<div class=\"elementor-element elementor-element-3c730ac e-con-full fade-content e-flex e-con e-child\" data-id=\"3c730ac\" data-element_type=\"container\" data-e-type=\"container\" data-settings=\"{&quot;background_background&quot;:&quot;classic&quot;}\">\n\t\t<div class=\"elementor-element elementor-element-f4f9772 e-flex e-con-boxed e-con e-child\" data-id=\"f4f9772\" data-element_type=\"container\" data-e-type=\"container\">\n\t\t\t\t\t<div class=\"e-con-inner\">\n\t\t\t\t<div class=\"elementor-element elementor-element-f903346 fade-title elementor-widget elementor-widget-heading\" data-id=\"f903346\" data-element_type=\"widget\" data-e-type=\"widget\" data-widget_type=\"heading.default\">\n\t\t\t\t<div class=\"elementor-widget-container\">\n\t\t\t\t\t<h2 class=\"elementor-heading-title elementor-size-default\">The Sacr\u00e9-Coeur, the Eiffel Tower and the Ch\u00e2teau de Versailles<\/h2>\t\t\t\t<\/div>\n\t\t\t\t<\/div>\n\t\t\t\t<div class=\"elementor-element elementor-element-233c505 fade-subtext elementor-widget elementor-widget-text-editor\" data-id=\"233c505\" data-element_type=\"widget\" data-e-type=\"widget\" data-widget_type=\"text-editor.default\">\n\t\t\t\t<div class=\"elementor-widget-container\">\n\t\t\t\t\t\t\t\t\t<p>Must-see sights during your stay in Paris<\/p>\t\t\t\t\t\t\t\t<\/div>\n\t\t\t\t<\/div>\n\t\t\t\t<div class=\"elementor-element elementor-element-610a317 fade-text elementor-widget elementor-widget-text-editor\" data-id=\"610a317\" data-element_type=\"widget\" data-e-type=\"widget\" data-widget_type=\"text-editor.default\">\n\t\t\t\t<div class=\"elementor-widget-container\">\n\t\t\t\t\t\t\t\t\t<p>On the way up to Montmartre, it's impossible to miss the Sacr\u00e9 Coeur. Its atypical Romanesque-Byzantine style and its position overlooking the city make it a monument in a class of its own, where Parisians and visitors alike love to come and admire the panorama before setting off to stroll around Montmartre.<br \/>Just a few metro stops away is the Eiffel Tower, as majestic from below as it is from above. Despite the wait, climbing to the second or third floor of the Iron Lady is an incomparable pleasure, and an essential experience of any visit to Paris.<br \/>Finally, there are a number of points of interest accessible by RER (regional express train) in the suburbs close to Paris. The Ch\u00e2teau de Versailles was the residence of Louis XIV, Louis XV and Louis XVI, and is presented to visitors in all its majesty. Its gardens are also a delight.<\/p>\t\t\t\t\t\t\t\t<\/div>\n\t\t\t\t<\/div>\n\t\t\t\t\t<\/div>\n\t\t\t\t<\/div>\n\t\t\t\t<\/div>\n\t\t<div class=\"elementor-element elementor-element-94e121a e-con-full e-flex e-con e-child\" data-id=\"94e121a\" data-element_type=\"container\" data-e-type=\"container\" data-settings=\"{&quot;background_background&quot;:&quot;classic&quot;}\">\n\t\t\t\t<\/div>\n\t\t\t\t<\/div>\n\t\t<div class=\"elementor-element elementor-element-b93ed62 e-con-full fade-bloc e-flex e-con e-parent\" data-id=\"b93ed62\" data-element_type=\"container\" data-e-type=\"container\" data-settings=\"{&quot;background_background&quot;:&quot;classic&quot;}\">\n\t\t<div class=\"elementor-element elementor-element-79e111d e-con-full fade-content e-flex e-con e-child\" data-id=\"79e111d\" data-element_type=\"container\" data-e-type=\"container\" data-settings=\"{&quot;background_background&quot;:&quot;classic&quot;}\">\n\t\t<div class=\"elementor-element elementor-element-954158a e-flex e-con-boxed e-con e-child\" data-id=\"954158a\" data-element_type=\"container\" data-e-type=\"container\">\n\t\t\t\t\t<div class=\"e-con-inner\">\n\t\t\t\t<div class=\"elementor-element elementor-element-91c6c8f fade-title elementor-widget elementor-widget-heading\" data-id=\"91c6c8f\" data-element_type=\"widget\" data-e-type=\"widget\" data-widget_type=\"heading.default\">\n\t\t\t\t<div class=\"elementor-widget-container\">\n\t\t\t\t\t<h2 class=\"elementor-heading-title elementor-size-default\">An unforgettable day at Disneyland Paris<\/h2>\t\t\t\t<\/div>\n\t\t\t\t<\/div>\n\t\t\t\t<div class=\"elementor-element elementor-element-325c8e6 fade-subtext elementor-widget elementor-widget-text-editor\" data-id=\"325c8e6\" data-element_type=\"widget\" data-e-type=\"widget\" data-widget_type=\"text-editor.default\">\n\t\t\t\t<div class=\"elementor-widget-container\">\n\t\t\t\t\t\t\t\t\t<p>For young and old<\/p>\t\t\t\t\t\t\t\t<\/div>\n\t\t\t\t<\/div>\n\t\t\t\t<div class=\"elementor-element elementor-element-e65bf88 fade-text elementor-widget elementor-widget-text-editor\" data-id=\"e65bf88\" data-element_type=\"widget\" data-e-type=\"widget\" data-widget_type=\"text-editor.default\">\n\t\t\t\t<div class=\"elementor-widget-container\">\n\t\t\t\t\t\t\t\t\t<p>Disneyland Paris, the furthest away but the most festive destination, will delight young and old alike with its two parks featuring ever-innovative attractions, always bringing dreams to life as Disney does so well.<br \/>A 3-star hotel in Paris Op\u00e9ra, the H\u00f4tel Imp\u00e9rial in Paris is the ideal base from which to discover the wonders of Paris.<\/p>\t\t\t\t\t\t\t\t<\/div>\n\t\t\t\t<\/div>\n\t\t\t\t\t<\/div>\n\t\t\t\t<\/div>\n\t\t\t\t<\/div>\n\t\t<div class=\"elementor-element elementor-element-744a674 e-con-full e-flex e-con e-child\" data-id=\"744a674\" data-element_type=\"container\" data-e-type=\"container\" data-settings=\"{&quot;background_background&quot;:&quot;classic&quot;}\">\n\t\t\t\t<\/div>\n\t\t\t\t<\/div>\n\t\t\t\t<\/div>","protected":false},"excerpt":{"rendered":"<p>Destination pr\u00e9c\u00e9dente Destination suivante D\u00e9couvrez Paris Durant votre s\u00e9jour \u00e0 l&rsquo;H\u00f4tel Imp\u00e9rial Paris Op\u00e9ra Votre H\u00f4tel \u00e0 Paris Op\u00e9ra est entour\u00e9 de monuments et curiosit\u00e9s typiques de Paris. Les plus proches peuvent \u00eatre rejointes \u00e0 pied depuis votre h\u00f4tel 3 \u00e9toiles \u00e0 Paris Op\u00e9ra.Parmi eux, on peut citer l\u2019\u00e9glise de la Madeleine. Cet \u00e9difice monumental [&hellip;]<\/p>\n","protected":false},"author":13,"featured_media":0,"parent":67,"menu_order":0,"comment_status":"closed","ping_status":"closed","template":"","meta":{"inline_featured_image":false,"footnotes":""},"class_list":["post-1498","page","type-page","status-publish","hentry"],"_links":{"self":[{"href":"https:\/\/www.hotelimperialparis.com\/en\/wp-json\/wp\/v2\/pages\/1498","targetHints":{"allow":["GET"]}}],"collection":[{"href":"https:\/\/www.hotelimperialparis.com\/en\/wp-json\/wp\/v2\/pages"}],"about":[{"href":"https:\/\/www.hotelimperialparis.com\/en\/wp-json\/wp\/v2\/types\/page"}],"author":[{"embeddable":true,"href":"https:\/\/www.hotelimperialparis.com\/en\/wp-json\/wp\/v2\/users\/13"}],"replies":[{"embeddable":true,"href":"https:\/\/www.hotelimperialparis.com\/en\/wp-json\/wp\/v2\/comments?post=1498"}],"version-history":[{"count":32,"href":"https:\/\/www.hotelimperialparis.com\/en\/wp-json\/wp\/v2\/pages\/1498\/revisions"}],"predecessor-version":[{"id":3360,"href":"https:\/\/www.hotelimperialparis.com\/en\/wp-json\/wp\/v2\/pages\/1498\/revisions\/3360"}],"up":[{"embeddable":true,"href":"https:\/\/www.hotelimperialparis.com\/en\/wp-json\/wp\/v2\/pages\/67"}],"wp:attachment":[{"href":"https:\/\/www.hotelimperialparis.com\/en\/wp-json\/wp\/v2\/media?parent=1498"}],"curies":[{"name":"wp","href":"https:\/\/api.w.org\/{rel}","templated":true}]}}