{"id":1485,"date":"2023-07-04T12:14:34","date_gmt":"2023-07-04T10:14:34","guid":{"rendered":"https:\/\/hotelimperialparis.com\/?page_id=1485"},"modified":"2023-12-12T16:42:53","modified_gmt":"2023-12-12T15:42:53","slug":"department-stores","status":"publish","type":"page","link":"https:\/\/www.hotelimperialparis.com\/en\/tourisme\/grands-magasins\/","title":{"rendered":"Department stores"},"content":{"rendered":"<div data-elementor-type=\"wp-page\" data-elementor-id=\"1485\" class=\"elementor elementor-1485\" data-elementor-post-type=\"page\">\n\t\t\t\t<div class=\"elementor-element elementor-element-21a5f571 e-con-full e-flex e-con e-parent\" data-id=\"21a5f571\" data-element_type=\"container\" data-e-type=\"container\" data-settings=\"{&quot;background_background&quot;:&quot;classic&quot;}\">\n\t\t\t\t<div class=\"elementor-element elementor-element-2d3625ad elementor-widget elementor-widget-heading\" data-id=\"2d3625ad\" data-element_type=\"widget\" data-e-type=\"widget\" data-widget_type=\"heading.default\">\n\t\t\t\t<div class=\"elementor-widget-container\">\n\t\t\t\t\t<h2 class=\"elementor-heading-title elementor-size-default\">Department stores<\/h2>\t\t\t\t<\/div>\n\t\t\t\t<\/div>\n\t\t\t\t<\/div>\n\t\t<div class=\"elementor-element elementor-element-6b265e8f e-con-full e-flex e-con e-parent\" data-id=\"6b265e8f\" data-element_type=\"container\" data-e-type=\"container\">\n\t\t\t\t<div class=\"elementor-element elementor-element-6cf58dfb elementor-mobile-align-center elementor-widget elementor-widget-button\" data-id=\"6cf58dfb\" data-element_type=\"widget\" data-e-type=\"widget\" data-widget_type=\"button.default\">\n\t\t\t\t<div class=\"elementor-widget-container\">\n\t\t\t\t\t\t\t\t\t<div class=\"elementor-button-wrapper\">\n\t\t\t\t\t<a class=\"elementor-button elementor-button-link elementor-size-sm\" href=\"https:\/\/www.hotelimperialparis.com\/en\/tourisme\/opera-garnier\/\">\n\t\t\t\t\t\t<span class=\"elementor-button-content-wrapper\">\n\t\t\t\t\t\t<span class=\"elementor-button-icon\">\n\t\t\t\t<i aria-hidden=\"true\" class=\"eliofont eliofont-arrow-left\"><\/i>\t\t\t<\/span>\n\t\t\t\t\t\t\t\t\t<span class=\"elementor-button-text\">Previous destination<\/span>\n\t\t\t\t\t<\/span>\n\t\t\t\t\t<\/a>\n\t\t\t\t<\/div>\n\t\t\t\t\t\t\t\t<\/div>\n\t\t\t\t<\/div>\n\t\t\t\t<div class=\"elementor-element elementor-element-24ece21e elementor-mobile-align-center elementor-widget elementor-widget-button\" data-id=\"24ece21e\" data-element_type=\"widget\" data-e-type=\"widget\" data-widget_type=\"button.default\">\n\t\t\t\t<div class=\"elementor-widget-container\">\n\t\t\t\t\t\t\t\t\t<div class=\"elementor-button-wrapper\">\n\t\t\t\t\t<a class=\"elementor-button elementor-button-link elementor-size-sm\" href=\"https:\/\/www.hotelimperialparis.com\/en\/tourisme\/principaux-monuments\/\">\n\t\t\t\t\t\t<span class=\"elementor-button-content-wrapper\">\n\t\t\t\t\t\t<span class=\"elementor-button-icon\">\n\t\t\t\t<i aria-hidden=\"true\" class=\"eliofont eliofont-arrow-right\"><\/i>\t\t\t<\/span>\n\t\t\t\t\t\t\t\t\t<span class=\"elementor-button-text\">Next destination<\/span>\n\t\t\t\t\t<\/span>\n\t\t\t\t\t<\/a>\n\t\t\t\t<\/div>\n\t\t\t\t\t\t\t\t<\/div>\n\t\t\t\t<\/div>\n\t\t\t\t<\/div>\n\t\t<div class=\"elementor-element elementor-element-8b98dc5 e-con-full fade-bloc e-flex e-con e-parent\" data-id=\"8b98dc5\" data-element_type=\"container\" data-e-type=\"container\" data-settings=\"{&quot;background_background&quot;:&quot;classic&quot;}\">\n\t\t<div class=\"elementor-element elementor-element-ab57f8e e-con-full fade-content e-flex e-con e-child\" data-id=\"ab57f8e\" data-element_type=\"container\" data-e-type=\"container\" data-settings=\"{&quot;background_background&quot;:&quot;classic&quot;}\">\n\t\t<div class=\"elementor-element elementor-element-a5cfbd0 e-flex e-con-boxed e-con e-child\" data-id=\"a5cfbd0\" data-element_type=\"container\" data-e-type=\"container\">\n\t\t\t\t\t<div class=\"e-con-inner\">\n\t\t\t\t<div class=\"elementor-element elementor-element-411b5c9 fade-title elementor-widget elementor-widget-heading\" data-id=\"411b5c9\" data-element_type=\"widget\" data-e-type=\"widget\" data-widget_type=\"heading.default\">\n\t\t\t\t<div class=\"elementor-widget-container\">\n\t\t\t\t\t<h2 class=\"elementor-heading-title elementor-size-default\">Department stores, temples to shopping<\/h2>\t\t\t\t<\/div>\n\t\t\t\t<\/div>\n\t\t\t\t<div class=\"elementor-element elementor-element-cf38945 fade-subtext elementor-widget elementor-widget-text-editor\" data-id=\"cf38945\" data-element_type=\"widget\" data-e-type=\"widget\" data-widget_type=\"text-editor.default\">\n\t\t\t\t<div class=\"elementor-widget-container\">\n\t\t\t\t\t\t\t\t\t<p>5 minutes' walk from the H\u00f4tel Imp\u00e9rial<\/p>\t\t\t\t\t\t\t\t<\/div>\n\t\t\t\t<\/div>\n\t\t\t\t<div class=\"elementor-element elementor-element-b2743e7 fade-text elementor-widget elementor-widget-text-editor\" data-id=\"b2743e7\" data-element_type=\"widget\" data-e-type=\"widget\" data-widget_type=\"text-editor.default\">\n\t\t\t\t<div class=\"elementor-widget-container\">\n\t\t\t\t\t\t\t\t\t<p>Our hotel near Op\u00e9ra and the Grands Magasins, in the 9th arrondissement of Paris, is ideally placed for exploring much of Paris on foot.<br \/>Right next to the hotel, on boulevard Haussmann, you'll find the Grands Magasins. Le Printemps and Galeries Lafayette are two of the capital's legendary shops. Now Europe's largest shopping centre, they offer a magnificent setting for shopping while enjoying the Parisian architecture. Le Printemps is a listed historic monument, with its incomparable glass roof. Founded in 1894 and 1865 respectively, Galeries Lafayette and Le Printemps now stretch over several buildings and bring together thousands of brands.<\/p>\t\t\t\t\t\t\t\t<\/div>\n\t\t\t\t<\/div>\n\t\t\t\t\t<\/div>\n\t\t\t\t<\/div>\n\t\t\t\t<\/div>\n\t\t<div class=\"elementor-element elementor-element-69440c2 e-con-full e-flex e-con e-child\" data-id=\"69440c2\" data-element_type=\"container\" data-e-type=\"container\" data-settings=\"{&quot;background_background&quot;:&quot;classic&quot;}\">\n\t\t\t\t<\/div>\n\t\t\t\t<\/div>\n\t\t<div class=\"elementor-element elementor-element-2c37ba1 e-con-full fade-bloc e-flex e-con e-parent\" data-id=\"2c37ba1\" data-element_type=\"container\" data-e-type=\"container\">\n\t\t<div class=\"elementor-element elementor-element-fdf873a e-con-full fade-content e-flex e-con e-child\" data-id=\"fdf873a\" data-element_type=\"container\" data-e-type=\"container\" data-settings=\"{&quot;background_background&quot;:&quot;classic&quot;}\">\n\t\t<div class=\"elementor-element elementor-element-1514018 e-flex e-con-boxed e-con e-child\" data-id=\"1514018\" data-element_type=\"container\" data-e-type=\"container\">\n\t\t\t\t\t<div class=\"e-con-inner\">\n\t\t\t\t<div class=\"elementor-element elementor-element-1f9d61e fade-title elementor-widget elementor-widget-heading\" data-id=\"1f9d61e\" data-element_type=\"widget\" data-e-type=\"widget\" data-widget_type=\"heading.default\">\n\t\t\t\t<div class=\"elementor-widget-container\">\n\t\t\t\t\t<h2 class=\"elementor-heading-title elementor-size-default\">The origins of department stores<\/h2>\t\t\t\t<\/div>\n\t\t\t\t<\/div>\n\t\t\t\t<div class=\"elementor-element elementor-element-a9ec874 fade-subtext elementor-widget elementor-widget-text-editor\" data-id=\"a9ec874\" data-element_type=\"widget\" data-e-type=\"widget\" data-widget_type=\"text-editor.default\">\n\t\t\t\t<div class=\"elementor-widget-container\">\n\t\t\t\t\t\t\t\t\t<p>Historic sites in Paris<\/p>\t\t\t\t\t\t\t\t<\/div>\n\t\t\t\t<\/div>\n\t\t\t\t<div class=\"elementor-element elementor-element-a275462 fade-text elementor-widget elementor-widget-text-editor\" data-id=\"a275462\" data-element_type=\"widget\" data-e-type=\"widget\" data-widget_type=\"text-editor.default\">\n\t\t\t\t<div class=\"elementor-widget-container\">\n\t\t\t\t\t\t\t\t\t<p>The history of department stores dates back to the middle of the 19th century. The first department stores', Le Bon March\u00e9, paved the way for the creation of a number of other establishments that would give pride of place to architecture and glass roofs. Le Printemps and Galeries Lafayette opened in 1865 and 1894 respectively. The sense of luxury and elegance is omnipresent thanks to the light architecture, which gives an impression of space and finesse. Renovated in the 90s, they offer a personalised, welcoming alternative to mass retailing, and are a Parisian landmark in their own right. Their selection of top-of-the-range products encourages shopping at any time of year.<\/p>\t\t\t\t\t\t\t\t<\/div>\n\t\t\t\t<\/div>\n\t\t\t\t<div class=\"elementor-element elementor-element-10c67be fade-subtext elementor-widget elementor-widget-text-editor\" data-id=\"10c67be\" data-element_type=\"widget\" data-e-type=\"widget\" data-widget_type=\"text-editor.default\">\n\t\t\t\t<div class=\"elementor-widget-container\">\n\t\t\t\t\t\t\t\t\t<p>A variety of products in a magical Parisian setting<\/p>\t\t\t\t\t\t\t\t<\/div>\n\t\t\t\t<\/div>\n\t\t\t\t<div class=\"elementor-element elementor-element-8bb94d4 fade-text elementor-widget elementor-widget-text-editor\" data-id=\"8bb94d4\" data-element_type=\"widget\" data-e-type=\"widget\" data-widget_type=\"text-editor.default\">\n\t\t\t\t<div class=\"elementor-widget-container\">\n\t\t\t\t\t\t\t\t\t<p>In addition to clothing and accessories, the store also offers jewellery, cosmetics, groceries and restaurants. The quality of the products on display, the warm welcome and the top-of-the-range advice from the sales staff guarantee an exceptional customer experience.<br \/>Christmas is when the department stores are at their most magical. Their windows are decked out in the most beautiful colours and sophisticated displays are installed, fascinating thousands of passers-by, adults and children alike.<br \/>Your Boutique Hotel in Paris Op\u00e9ra gives you quick and easy access to the temples of shopping that are the Grands Magasins.<\/p>\t\t\t\t\t\t\t\t<\/div>\n\t\t\t\t<\/div>\n\t\t\t\t\t<\/div>\n\t\t\t\t<\/div>\n\t\t\t\t<\/div>\n\t\t<div class=\"elementor-element elementor-element-83c4571 e-con-full e-flex e-con e-child\" data-id=\"83c4571\" data-element_type=\"container\" data-e-type=\"container\" data-settings=\"{&quot;background_background&quot;:&quot;classic&quot;}\">\n\t\t\t\t<\/div>\n\t\t\t\t<\/div>\n\t\t\t\t<\/div>","protected":false},"excerpt":{"rendered":"<p>Destination pr\u00e9c\u00e9dente Destination suivante Les Grands Magasins, temples du shopping \u00c0 5 minutes \u00e0 pied de l\u2019H\u00f4tel Imp\u00e9rial Notre H\u00f4tel proche d\u2019Op\u00e9ra et des Grands Magasins, \u00e0 Paris 9\u00e8me, est id\u00e9alement plac\u00e9 pour vous permettre de d\u00e9couvrir \u00e0 pied une grande partie de Paris.Tout pr\u00e8s de l&rsquo;H\u00f4tel, sur le boulevard Haussmann, retrouvez les Grands Magasins. [&hellip;]<\/p>\n","protected":false},"author":13,"featured_media":0,"parent":67,"menu_order":0,"comment_status":"closed","ping_status":"closed","template":"","meta":{"inline_featured_image":false,"footnotes":""},"class_list":["post-1485","page","type-page","status-publish","hentry"],"_links":{"self":[{"href":"https:\/\/www.hotelimperialparis.com\/en\/wp-json\/wp\/v2\/pages\/1485","targetHints":{"allow":["GET"]}}],"collection":[{"href":"https:\/\/www.hotelimperialparis.com\/en\/wp-json\/wp\/v2\/pages"}],"about":[{"href":"https:\/\/www.hotelimperialparis.com\/en\/wp-json\/wp\/v2\/types\/page"}],"author":[{"embeddable":true,"href":"https:\/\/www.hotelimperialparis.com\/en\/wp-json\/wp\/v2\/users\/13"}],"replies":[{"embeddable":true,"href":"https:\/\/www.hotelimperialparis.com\/en\/wp-json\/wp\/v2\/comments?post=1485"}],"version-history":[{"count":36,"href":"https:\/\/www.hotelimperialparis.com\/en\/wp-json\/wp\/v2\/pages\/1485\/revisions"}],"predecessor-version":[{"id":3357,"href":"https:\/\/www.hotelimperialparis.com\/en\/wp-json\/wp\/v2\/pages\/1485\/revisions\/3357"}],"up":[{"embeddable":true,"href":"https:\/\/www.hotelimperialparis.com\/en\/wp-json\/wp\/v2\/pages\/67"}],"wp:attachment":[{"href":"https:\/\/www.hotelimperialparis.com\/en\/wp-json\/wp\/v2\/media?parent=1485"}],"curies":[{"name":"wp","href":"https:\/\/api.w.org\/{rel}","templated":true}]}}